{"id":98,"date":"2015-06-16T14:14:53","date_gmt":"2015-06-16T12:14:53","guid":{"rendered":"http:\/\/www.langstrasse151.ch\/?page_id=98"},"modified":"2015-08-09T14:41:52","modified_gmt":"2015-08-09T12:41:52","slug":"sbb","status":"publish","type":"page","link":"https:\/\/www.langstrasse151.ch\/index.php\/der-bau\/sbb\/","title":{"rendered":"SBB"},"content":{"rendered":"<p>Mit dem Projekt Neufrankengasse wollten die Schweizerischen Bundesbahnen als Landbesitzerin das Grundst\u00fcck in der westlichen Verl\u00e4ngerung des Projektperimeters des Stadtraums HB, auf der Ecke zwischen Langstrasse und Gleisanlage, einer neuen gemischten Nutzung zuf\u00fchren.<\/p>\n<p>Die zentrale Lage und die positive Erwartungshaltung der Nutzer und Investoren gegen\u00fcber dem benachbarten Entwicklungsprojekt Stadtraum HB verlangten auch f\u00fcr diesen Standort eine st\u00e4dtebaulich, architektonisch und wirtschaftlich tragf\u00e4hige sowie umweltgerechte Entwicklung. Dabei galt es, die auf den ersten Blick einschr\u00e4nkenden Randbedingungen als Chance wahrzunehmen, um ein massgeschneidertes, dem besonderen Standort angemessenes Projekt zu entwickeln. Die Auftraggeberin erwartete bei der Auschreibung des Studienverfahrens Projektvorschl\u00e4ge f\u00fcr eine nutzungsflexible, wirtschaftliche und attraktiv gestaltete \u00dcberbauung mit Eigentumswohnungen und einer \u00f6ffentlichen Erdgeschossnutzung.<\/p>\n<p>Die SBB haben den Bericht des Preisgerichts zum Ausgang des Studienverfahrens publiziert. <a href=\"\/wp-content\/downloads\/20080711_SBB_Studienverfahren.pdf\">Bericht Preisgericht Studienverfahren SBB<\/a><\/p>\n<p>&nbsp;<\/p>\n","protected":false},"excerpt":{"rendered":"<p>Mit dem Projekt Neufrankengasse wollten die Schweizerischen Bundesbahnen als Landbesitzerin das Grundst\u00fcck in der westlichen Verl\u00e4ngerung des Projektperimeters des Stadtraums HB, auf der Ecke zwischen Langstrasse und Gleisanlage, einer neuen gemischten Nutzung zuf\u00fchren. Die zentrale Lage und die positive Erwartungshaltung der Nutzer und Investoren gegen\u00fcber dem benachbarten Entwicklungsprojekt Stadtraum HB<\/p>\n","protected":false},"author":1,"featured_media":0,"parent":96,"menu_order":0,"comment_status":"closed","ping_status":"closed","template":"page-templates\/page-full-width.php","meta":{"footnotes":""},"class_list":["post-98","page","type-page","status-publish","hentry"],"_links":{"self":[{"href":"https:\/\/www.langstrasse151.ch\/index.php\/wp-json\/wp\/v2\/pages\/98","targetHints":{"allow":["GET"]}}],"collection":[{"href":"https:\/\/www.langstrasse151.ch\/index.php\/wp-json\/wp\/v2\/pages"}],"about":[{"href":"https:\/\/www.langstrasse151.ch\/index.php\/wp-json\/wp\/v2\/types\/page"}],"author":[{"embeddable":true,"href":"https:\/\/www.langstrasse151.ch\/index.php\/wp-json\/wp\/v2\/users\/1"}],"replies":[{"embeddable":true,"href":"https:\/\/www.langstrasse151.ch\/index.php\/wp-json\/wp\/v2\/comments?post=98"}],"version-history":[{"count":4,"href":"https:\/\/www.langstrasse151.ch\/index.php\/wp-json\/wp\/v2\/pages\/98\/revisions"}],"predecessor-version":[{"id":259,"href":"https:\/\/www.langstrasse151.ch\/index.php\/wp-json\/wp\/v2\/pages\/98\/revisions\/259"}],"up":[{"embeddable":true,"href":"https:\/\/www.langstrasse151.ch\/index.php\/wp-json\/wp\/v2\/pages\/96"}],"wp:attachment":[{"href":"https:\/\/www.langstrasse151.ch\/index.php\/wp-json\/wp\/v2\/media?parent=98"}],"curies":[{"name":"wp","href":"https:\/\/api.w.org\/{rel}","templated":true}]}}