{"id":189,"date":"2015-08-04T20:47:59","date_gmt":"2015-08-04T18:47:59","guid":{"rendered":"http:\/\/www.langstrasse151.ch\/?page_id=189"},"modified":"2017-07-06T15:30:23","modified_gmt":"2017-07-06T13:30:23","slug":"willkommen-an-der-langstrasse-151-im-zurcher-chreis-cheib","status":"publish","type":"page","link":"https:\/\/www.langstrasse151.ch\/","title":{"rendered":"Willkommen &#8211; an der Langstrasse 151, im Z\u00fcrcher Chreis Cheib"},"content":{"rendered":"<p>Dies ist die Webseite f\u00fcr die Eigent\u00fcmer und Bewohner der Langstrasse 151 in 8004 Z\u00fcrich. Im Endausbau werden hier umfangreiche Informationen f\u00fcr die Interessierten bereitstehen. Die Seite bietet dar\u00fcberhinaus Gelegenheit f\u00fcr den Gedankenaustausch und Informationsvermittlung zwischen den Beteiligten.<\/p>\n<p>Die Informationen f\u00fcr Bewohner und Eigent\u00fcmer sind Nutzer-gerecht gesch\u00fctzt: <a href=\"\/wp-login.php\" target=\"_blank\" rel=\"noopener\">bitte einloggen<\/a><\/p>\n","protected":false},"excerpt":{"rendered":"<p>Dies ist die Webseite f\u00fcr die Eigent\u00fcmer und Bewohner der Langstrasse 151 in 8004 Z\u00fcrich. Im Endausbau werden hier umfangreiche Informationen f\u00fcr die Interessierten bereitstehen. Die Seite bietet dar\u00fcberhinaus Gelegenheit f\u00fcr den Gedankenaustausch und Informationsvermittlung zwischen den Beteiligten. Die Informationen f\u00fcr Bewohner und Eigent\u00fcmer sind Nutzer-gerecht gesch\u00fctzt: bitte einloggen<\/p>\n","protected":false},"author":1,"featured_media":0,"parent":0,"menu_order":0,"comment_status":"open","ping_status":"closed","template":"page-templates\/page-full-width.php","meta":{"footnotes":""},"class_list":["post-189","page","type-page","status-publish","hentry"],"_links":{"self":[{"href":"https:\/\/www.langstrasse151.ch\/index.php\/wp-json\/wp\/v2\/pages\/189","targetHints":{"allow":["GET"]}}],"collection":[{"href":"https:\/\/www.langstrasse151.ch\/index.php\/wp-json\/wp\/v2\/pages"}],"about":[{"href":"https:\/\/www.langstrasse151.ch\/index.php\/wp-json\/wp\/v2\/types\/page"}],"author":[{"embeddable":true,"href":"https:\/\/www.langstrasse151.ch\/index.php\/wp-json\/wp\/v2\/users\/1"}],"replies":[{"embeddable":true,"href":"https:\/\/www.langstrasse151.ch\/index.php\/wp-json\/wp\/v2\/comments?post=189"}],"version-history":[{"count":6,"href":"https:\/\/www.langstrasse151.ch\/index.php\/wp-json\/wp\/v2\/pages\/189\/revisions"}],"predecessor-version":[{"id":797,"href":"https:\/\/www.langstrasse151.ch\/index.php\/wp-json\/wp\/v2\/pages\/189\/revisions\/797"}],"wp:attachment":[{"href":"https:\/\/www.langstrasse151.ch\/index.php\/wp-json\/wp\/v2\/media?parent=189"}],"curies":[{"name":"wp","href":"https:\/\/api.w.org\/{rel}","templated":true}]}}