{"id":102,"date":"2015-06-16T14:15:25","date_gmt":"2015-06-16T12:15:25","guid":{"rendered":"http:\/\/www.langstrasse151.ch\/?page_id=102"},"modified":"2015-08-08T14:40:06","modified_gmt":"2015-08-08T12:40:06","slug":"halter","status":"publish","type":"page","link":"https:\/\/www.langstrasse151.ch\/index.php\/der-bau\/halter\/","title":{"rendered":"Halter"},"content":{"rendered":"<p>Auf unsere Anfrage haben wir leider keine Antwort erhalten. Herr Felix Hegetschweiler, Gesch\u00e4ftsf\u00fchrer der Halter AG, hat ausgef\u00fchrt, dass die Halter Gruppe sich aus dem Gesch\u00e4ft mit dem Bau von Eigentumswohnungen ganz zur\u00fcckgezogen hat. <em>&#171;Nur \u00c4rger damit&#187;<\/em>, sagt er.<\/p>\n","protected":false},"excerpt":{"rendered":"<p>Auf unsere Anfrage haben wir leider keine Antwort erhalten. Herr Felix Hegetschweiler, Gesch\u00e4ftsf\u00fchrer der Halter AG, hat ausgef\u00fchrt, dass die Halter Gruppe sich aus dem Gesch\u00e4ft mit dem Bau von Eigentumswohnungen ganz zur\u00fcckgezogen hat. &#171;Nur \u00c4rger damit&#187;, sagt er.<\/p>\n","protected":false},"author":1,"featured_media":0,"parent":96,"menu_order":0,"comment_status":"closed","ping_status":"closed","template":"","meta":{"footnotes":""},"class_list":["post-102","page","type-page","status-publish","hentry"],"_links":{"self":[{"href":"https:\/\/www.langstrasse151.ch\/index.php\/wp-json\/wp\/v2\/pages\/102","targetHints":{"allow":["GET"]}}],"collection":[{"href":"https:\/\/www.langstrasse151.ch\/index.php\/wp-json\/wp\/v2\/pages"}],"about":[{"href":"https:\/\/www.langstrasse151.ch\/index.php\/wp-json\/wp\/v2\/types\/page"}],"author":[{"embeddable":true,"href":"https:\/\/www.langstrasse151.ch\/index.php\/wp-json\/wp\/v2\/users\/1"}],"replies":[{"embeddable":true,"href":"https:\/\/www.langstrasse151.ch\/index.php\/wp-json\/wp\/v2\/comments?post=102"}],"version-history":[{"count":3,"href":"https:\/\/www.langstrasse151.ch\/index.php\/wp-json\/wp\/v2\/pages\/102\/revisions"}],"predecessor-version":[{"id":210,"href":"https:\/\/www.langstrasse151.ch\/index.php\/wp-json\/wp\/v2\/pages\/102\/revisions\/210"}],"up":[{"embeddable":true,"href":"https:\/\/www.langstrasse151.ch\/index.php\/wp-json\/wp\/v2\/pages\/96"}],"wp:attachment":[{"href":"https:\/\/www.langstrasse151.ch\/index.php\/wp-json\/wp\/v2\/media?parent=102"}],"curies":[{"name":"wp","href":"https:\/\/api.w.org\/{rel}","templated":true}]}}